{"id":105,"date":"2014-09-25T20:34:40","date_gmt":"2014-09-25T17:34:40","guid":{"rendered":"http:\/\/2014.tahtejoutuur.ee\/?page_id=105"},"modified":"2015-05-22T07:13:31","modified_gmt":"2015-05-22T04:13:31","slug":"idee","status":"publish","type":"page","link":"https:\/\/tahtejoud.ee\/tahtejoutuur-2014\/idee\/","title":{"rendered":"IDEE"},"content":{"rendered":"<p>Tahtej\u00f5u Tuuri idee autori Priit Salum\u00e4e m\u00f5tted tema blogipostitusest:<\/p>\n<blockquote><p><a title=\"Priit Salum\u00e4e blogi\" href=\"http:\/\/priitsalumae.blogspot.com\/2014\/09\/tahtejou-tuur-aitame-koos-uhel-karmil.html\" target=\"_blank\">25.09.2014<\/a><\/p>\n<p><strong>Tahtej\u00f5u Tuur<\/strong> on selline n\u00f5ksa venitatud n\u00e4dalavahetus, s\u00f5idame <strong>jalgrattaga 750 kilsa \u00fcmber Mandri-Eesti<\/strong>! 3 x 250km! S\u00fcgisilm, taevast valab vihma, rahet ja pussnuge, raju vastutuul, napid miinuskraadid&#8230; <strong>K\u00f5lab nagu j\u00f5hker v\u00e4rk?<\/strong><\/p>\n<p>Ongi j\u00f5hker, aga jutustan enne \u00fche loo ja siis otsustame, et kui karm on ikka p\u00e4riselt karm.<\/p>\n<p>Mu armsad s\u00f5brad, kes te terve krdima 12 kuud aastas rattaga s\u00f5idate, jooksete v\u00f5i suusatate, kallist varustust sebite, l\u00f5unalaagreid v\u00e4rke v\u00e4isate, m\u00f6\u00f6da maailma ringi v\u00f5istlete jne ikka, k\u00f5ik ikka selleks, et naabrimehele p\u00e4he panna \ud83d\ude42 Kutsud teid laup\u00e4eva varahommikul \u00fchistrenni, ja hoplaa terve armaada silm_punnis_peas t\u00e4ies eluj\u00f5us mehed-naised vabatahtlikult asfalti m\u00f5\u00f5tmas, tundide viisi. Tglt chill, tore, et enda tervisest hoolitakse. ..<\/p>\n<p><strong>Aga, v\u00f5taks kokku ja teeks selle hooaja l\u00f5petuseks midagi natuke teistmoodi!?<\/strong><\/p>\n<p><img loading=\"lazy\" decoding=\"async\" class=\"alignright size-medium wp-image-41\" src=\"\/wp-content\/uploads\/sites\/2\/rauno-400x400.jpg\" alt=\"Rauno Klausen\" width=\"400\" height=\"400\" srcset=\"https:\/\/tahtejoud.ee\/tahtejoutuur-2014\/wp-content\/uploads\/sites\/2\/rauno-400x400.jpg 400w, https:\/\/tahtejoud.ee\/tahtejoutuur-2014\/wp-content\/uploads\/sites\/2\/rauno-220x220.jpg 220w, https:\/\/tahtejoud.ee\/tahtejoutuur-2014\/wp-content\/uploads\/sites\/2\/rauno-962x962.jpg 962w, https:\/\/tahtejoud.ee\/tahtejoutuur-2014\/wp-content\/uploads\/sites\/2\/rauno-100x100.jpg 100w, https:\/\/tahtejoud.ee\/tahtejoutuur-2014\/wp-content\/uploads\/sites\/2\/rauno.jpg 1024w\" sizes=\"auto, (max-width: 400px) 100vw, 400px\" \/>Pinginaaber tuli \u00fchel hommik t\u00f6\u00f6le ja r\u00e4\u00e4kis mingist kutist, kellega oli rattapaunal kohtunud. Vennike pidavat n\u00e4dalas 20h trenni n\u00fchkima, kuus teeb see kokku lausa 80 tundi! Pole paha. Vastupidavusala tippude jaoks on need karmid, kuid suhteliselt seeditavad numbrid. Meie jutt ei k\u00e4i agha eliidi kohta, isegi mitte harrastusportlased ei ole teemaks, jutt on 6 aastat tagasi Supermoto Eesti meistriv\u00f5istluste etapil r\u00e4ngalt kukkunud ja <strong>alakehast halvatuks j\u00e4\u00e4nud Raunost<\/strong>. Need tunnid s\u00f5tkub mees maha tavalise ratastooli k\u00fclge installitud esiratta ja v\u00e4ntadega 50kg kaaluva monstrumiga. P\u00e4evas tavaliselt 10-100km. Iga ilmaga. Lubja m\u00e4gi ja Tabasalu t\u00f5us ei ole takistuseks. Vot see on karm. Mina oma 6kg s\u00fcsinikratta ja elektroonilise k\u00e4iguvahetajaga vingun, et jooksud ei m\u00e4t\u0161i rattaraamiga, peab vist kleepsud tellima&#8230; Hallloooo, eks<\/p>\n<p>Saime kokku, r\u00e4\u00e4kisime maast ja ilmast. Mees tahab areneda, v\u00f5istelda, alustada Filter eraldistardi etappidega ja j\u00f5uda (para)Ol\u00fcmpiale v\u00e4lja. Ma usun, et j\u00f5uab. <strong>Sellise tahtej\u00f5u pealt j\u00f5uab.<\/strong> Ainult, et millise \u201erattaga\u201c , null v\u00f5imalust. Uus v\u00f5idukas maksab suht ulmehinda, alates ~6000\u20ac. <strong>Aitame tal koos sel unistusel t\u00e4ituda!<br \/>\n<\/strong><br \/>\nKogu tuuri kamad, saatemasin, varukummid, teepealne s\u00f6\u00f6k-jook loodan sponsoritelt v\u00e4lja kaubelda.<\/p>\n<p><em>Kes ikka \u00fcle\u00fcldse ei taha ennast f\u00fc\u00fcsiliselt \u00fchekski etapiks v\u00e4lja ajada, solidaarsuse m\u00e4rgiks tahtej\u00f5udu n\u00e4idata, ratas talvekorteris ja teised sada h\u00e4da ning miljon vabandust, siis saab ka lihtsamat vastupanuteed minna,<strong> osaleda virtuaalselt oma aasta jooksul kogutud kilomeetritega<\/strong>. Anneta palju s\u00fcda \u00fctleb v\u00f5i hing ihaldab.<\/em><\/p>\n<p>Loodan, et see ettev\u00f5tmine annab natukenegi inspiratsiooni, v\u00f5ib-olla igap\u00e4evased olmeprobleemid ei tundugi enam probleemid, ning suuremad jamad on hoopis v\u00f5imalused ja hoovad, millegi s\u00fcdamel\u00e4hedasema poole liikumiseks&#8230; Tegelikult on k\u00f5ik v\u00f5imalik. Julge ainult unistada. \u00c4ra loobu, \u00e4ra anna alla!<\/p>\n<p>&#8211; Priit Salum\u00e4e<\/p><\/blockquote>\n","protected":false},"excerpt":{"rendered":"<p class=\"excerpt\">Tahtej\u00f5u Tuuri idee autori Priit Salum\u00e4e m\u00f5tted tema blogipostitusest: 25.09.2014 Tahtej\u00f5u Tuur on selline n\u00f5ksa venitatud n\u00e4dalavahetus, s\u00f5idame jalgrattaga 750 kilsa \u00fcmber Mandri-Eesti! 3 x 250km! S\u00fcgisilm, taevast valab vihma, rahet ja pussnuge, raju vastutuul, napid miinuskraadid&#8230; K\u00f5lab nagu j\u00f5hker v\u00e4rk? Ongi j\u00f5hker, aga jutustan enne \u00fche loo ja siis otsustame, et kui karm on ikka p\u00e4riselt karm. Mu armsad&hellip; <a href=\"https:\/\/tahtejoud.ee\/tahtejoutuur-2014\/idee\/\">Read more &rarr;<\/a><\/p>\n","protected":false},"author":1,"featured_media":0,"parent":0,"menu_order":0,"comment_status":"closed","ping_status":"closed","template":"","meta":{"footnotes":""},"class_list":["post-105","page","type-page","status-publish","hentry","xfolkentry"],"_links":{"self":[{"href":"https:\/\/tahtejoud.ee\/tahtejoutuur-2014\/wp-json\/wp\/v2\/pages\/105","targetHints":{"allow":["GET"]}}],"collection":[{"href":"https:\/\/tahtejoud.ee\/tahtejoutuur-2014\/wp-json\/wp\/v2\/pages"}],"about":[{"href":"https:\/\/tahtejoud.ee\/tahtejoutuur-2014\/wp-json\/wp\/v2\/types\/page"}],"author":[{"embeddable":true,"href":"https:\/\/tahtejoud.ee\/tahtejoutuur-2014\/wp-json\/wp\/v2\/users\/1"}],"replies":[{"embeddable":true,"href":"https:\/\/tahtejoud.ee\/tahtejoutuur-2014\/wp-json\/wp\/v2\/comments?post=105"}],"version-history":[{"count":0,"href":"https:\/\/tahtejoud.ee\/tahtejoutuur-2014\/wp-json\/wp\/v2\/pages\/105\/revisions"}],"wp:attachment":[{"href":"https:\/\/tahtejoud.ee\/tahtejoutuur-2014\/wp-json\/wp\/v2\/media?parent=105"}],"curies":[{"name":"wp","href":"https:\/\/api.w.org\/{rel}","templated":true}]}}