{"id":17,"date":"2014-09-25T10:33:52","date_gmt":"2014-09-25T07:33:52","guid":{"rendered":"http:\/\/2014.tahtejoutuur.ee\/?page_id=17"},"modified":"2015-07-02T15:16:39","modified_gmt":"2015-07-02T12:16:39","slug":"mis-vark","status":"publish","type":"page","link":"https:\/\/tahtejoud.ee\/tahtejoutuur-2014\/mis-vark\/","title":{"rendered":"MIS V\u00c4RK?"},"content":{"rendered":"<p><strong>Tahtej\u00f5u tuur 24.-26.10.2014<\/strong>\u00a0(R-P)<\/p>\n<ul>\n<li>ring \u00fcmber Mandri-Eesti<\/li>\n<li><strong>756km<\/strong> (273km + 277km + 206km)<\/li>\n<li>s\u00f5iduvahend: maanteeratas<\/li>\n<li>keskmine kiirus 30km\/h<\/li>\n<li>kogu tuuri rattagas\u00f5iduga seotud abi: saatemasin, varuratas, varukummid, mehaaniku teenus, teepealne s\u00f6\u00f6k-jook organiseeritud (toetajatelt)<\/li>\n<li>tuuril osalejatele \u00fchine majutus on broneeritud<\/li>\n<\/ul>\n<p><strong>Stardimaks<\/strong> 10km\/\u20ac =\u00a0<strong>75\u20ac<\/strong><br \/>\n<small>Osalustasu on <strong>100% sihtotstarbeline annetus<\/strong> Rio 2016 paraol\u00fcmpiale p\u00fcrgiva\u00a0<strong>Rauno Klauseni k\u00e4siratta ostufondi<\/strong><\/small><\/p>\n<p><strong>Rauno Klausen \u2013 <\/strong>aastal 2008 Supermoto Eesti meistriv\u00f5istluste etapil r\u00e4ngalt kukkunud ja <strong>alakehast halvatuks j\u00e4\u00e4nud mees<\/strong>. Treenib 20h n\u00e4dalas, 80h kuus (10km-100km p\u00e4evas), s\u00f5iduvahendiks <strong>50kg kaaluv<\/strong> tavaline ratastool, millele lisatud esiratas ja pedaalid. Kui maailmas sellel spordialal konkurentsis olla, tuleb soetada spetsiaalratas. P\u00f5hiline erinevus praegusega on kaal ja aerod\u00fcnaamika.<\/p>\n<p><img loading=\"lazy\" decoding=\"async\" class=\"alignnone wp-image-41 size-medium\" src=\"\/wp-content\/uploads\/sites\/2\/rauno-400x400.jpg\" alt=\"Rauno Klausen\" width=\"400\" height=\"400\" srcset=\"https:\/\/tahtejoud.ee\/tahtejoutuur-2014\/wp-content\/uploads\/sites\/2\/rauno-400x400.jpg 400w, https:\/\/tahtejoud.ee\/tahtejoutuur-2014\/wp-content\/uploads\/sites\/2\/rauno-220x220.jpg 220w, https:\/\/tahtejoud.ee\/tahtejoutuur-2014\/wp-content\/uploads\/sites\/2\/rauno-962x962.jpg 962w, https:\/\/tahtejoud.ee\/tahtejoutuur-2014\/wp-content\/uploads\/sites\/2\/rauno-100x100.jpg 100w, https:\/\/tahtejoud.ee\/tahtejoutuur-2014\/wp-content\/uploads\/sites\/2\/rauno.jpg 1024w\" sizes=\"auto, (max-width: 400px) 100vw, 400px\" \/><img loading=\"lazy\" decoding=\"async\" class=\"alignnone wp-image-77 size-medium\" src=\"\/wp-content\/uploads\/sites\/2\/ratas-400x170.jpg\" alt=\"ratas\" width=\"400\" height=\"170\" srcset=\"https:\/\/tahtejoud.ee\/tahtejoutuur-2014\/wp-content\/uploads\/sites\/2\/ratas-400x170.jpg 400w, https:\/\/tahtejoud.ee\/tahtejoutuur-2014\/wp-content\/uploads\/sites\/2\/ratas-962x408.jpg 962w, https:\/\/tahtejoud.ee\/tahtejoutuur-2014\/wp-content\/uploads\/sites\/2\/ratas.jpg 1920w\" sizes=\"auto, (max-width: 400px) 100vw, 400px\" \/><\/p>\n<p>Rauno unistuste ratta hind on 6000\u20ac+<\/p>\n<p>&nbsp;<\/p>\n<p><strong>Tahtej\u00f5u Tuuri<\/strong> s\u00fcnniloo leiad <a title=\"Priit Salum\u00e4e blogi\" href=\"http:\/\/priitsalumae.blogspot.com\/2014\/09\/tahtejou-tuur-aitame-koos-uhel-karmil.html\" target=\"_blank\">Priit Salum\u00e4e blogist<\/a><\/p>\n","protected":false},"excerpt":{"rendered":"<p class=\"excerpt\">Tahtej\u00f5u tuur 24.-26.10.2014\u00a0(R-P) ring \u00fcmber Mandri-Eesti 756km (273km + 277km + 206km) s\u00f5iduvahend: maanteeratas keskmine kiirus 30km\/h kogu tuuri rattagas\u00f5iduga seotud abi: saatemasin, varuratas, varukummid, mehaaniku teenus, teepealne s\u00f6\u00f6k-jook organiseeritud (toetajatelt) tuuril osalejatele \u00fchine majutus on broneeritud Stardimaks 10km\/\u20ac =\u00a075\u20ac Osalustasu on 100% sihtotstarbeline annetus Rio 2016 paraol\u00fcmpiale p\u00fcrgiva\u00a0Rauno Klauseni k\u00e4siratta ostufondi Rauno Klausen \u2013 aastal 2008 Supermoto Eesti meistriv\u00f5istluste&hellip; <a href=\"https:\/\/tahtejoud.ee\/tahtejoutuur-2014\/mis-vark\/\">Read more &rarr;<\/a><\/p>\n","protected":false},"author":1,"featured_media":0,"parent":0,"menu_order":0,"comment_status":"closed","ping_status":"closed","template":"","meta":{"footnotes":""},"class_list":["post-17","page","type-page","status-publish","hentry","xfolkentry"],"_links":{"self":[{"href":"https:\/\/tahtejoud.ee\/tahtejoutuur-2014\/wp-json\/wp\/v2\/pages\/17","targetHints":{"allow":["GET"]}}],"collection":[{"href":"https:\/\/tahtejoud.ee\/tahtejoutuur-2014\/wp-json\/wp\/v2\/pages"}],"about":[{"href":"https:\/\/tahtejoud.ee\/tahtejoutuur-2014\/wp-json\/wp\/v2\/types\/page"}],"author":[{"embeddable":true,"href":"https:\/\/tahtejoud.ee\/tahtejoutuur-2014\/wp-json\/wp\/v2\/users\/1"}],"replies":[{"embeddable":true,"href":"https:\/\/tahtejoud.ee\/tahtejoutuur-2014\/wp-json\/wp\/v2\/comments?post=17"}],"version-history":[{"count":0,"href":"https:\/\/tahtejoud.ee\/tahtejoutuur-2014\/wp-json\/wp\/v2\/pages\/17\/revisions"}],"wp:attachment":[{"href":"https:\/\/tahtejoud.ee\/tahtejoutuur-2014\/wp-json\/wp\/v2\/media?parent=17"}],"curies":[{"name":"wp","href":"https:\/\/api.w.org\/{rel}","templated":true}]}}