{"id":17,"date":"2014-09-25T10:33:52","date_gmt":"2014-09-25T07:33:52","guid":{"rendered":"http:\/\/tt.ironman.ee\/?page_id=17"},"modified":"2015-10-15T10:59:48","modified_gmt":"2015-10-15T07:59:48","slug":"mis-vark","status":"publish","type":"page","link":"https:\/\/tahtejoud.ee\/tahtejoutuur-2015\/mis-vark\/","title":{"rendered":"MIS V\u00c4RK?"},"content":{"rendered":"<p><strong>Tahtej\u00f5u tuur 30.10 &#8211; 01.11.2015<\/strong>\u00a0(R-P)<\/p>\n<ul>\n<li>ring \u00fcmber Mandri-Eesti<\/li>\n<li><strong>785km<\/strong> (245km + 305km + 235km)<\/li>\n<li>s\u00f5iduvahend: maanteeratas<\/li>\n<li>keskmine kiirus 30km\/h<\/li>\n<li>kogu tuuri rattagas\u00f5iduga seotud abi: saatemasinad, varuratas, varukummid, mehaaniku teenus, teepealne s\u00f6\u00f6k-jook organiseeritud (toetajatelt)<\/li>\n<li>tuuril osalejatele \u00fchine majutus broneeritud<\/li>\n<\/ul>\n<p>Osalustasu on <strong>80\u20ac &#8211; 100% sihtotstarbeline annetus<\/strong> Narva ratastoolivehklejate Aleksei \u0160t\u0161eglovi ja teiste MT\u00dc Florett klubiliikmete vehklemisvarustuse ostufondi.<\/p>\n<p><strong>Kelle jaoks on k\u00fclmas ja tuules rattaga v\u00e4ntamine liiga suur v\u00e4ljakutse, siis<\/strong> <a href=\"\/tule-appi\/toetan\/\">annetused<\/a> Aleksei ja co unistuste t\u00e4itmiseks ikka teretulnud.<\/p>\n<hr \/>\n<p><img loading=\"lazy\" decoding=\"async\" class=\"wp-image-41 size-medium alignright\" style=\"line-height: 1.42857;\" src=\"\/wp-content\/uploads\/sites\/3\/Aleksei_Shcheglov-400x300.jpg\" alt=\"Aleksei \u0160t\u0161eglov\" width=\"400\" height=\"300\" srcset=\"https:\/\/tahtejoud.ee\/tahtejoutuur-2015\/wp-content\/uploads\/sites\/3\/Aleksei_Shcheglov-400x300.jpg 400w, https:\/\/tahtejoud.ee\/tahtejoutuur-2015\/wp-content\/uploads\/sites\/3\/Aleksei_Shcheglov.jpg 1200w\" sizes=\"auto, (max-width: 400px) 100vw, 400px\" \/><\/p>\n<p class=\"p1\"><span class=\"s1\"><b>Aleksei\u00a0\u0160t\u0161eglov<\/b>\u00a0on autoavarii tagaj\u00e4rjel alakehast halvatud. Mees\u00a0tegeles\u00a0kunagi aktiivselt d\u017euudoga. Kuulub Narva ratastoolivehklejate klubisse Florett,\u00a0kus treener Aleksander Laryushin on kohalikke invasportlasi koondanud juba aastast 2007. T\u00f6\u00f6d tehakse s\u00fcdame ja t\u00e4ie t\u00f5sidusega. Tahtej\u00f5udu jagub k\u00f5igil.\u00a0Peale kolmekuulist vehklemistrenni l\u00e4ks Aleksei otsejoones MMile, sealt tuli k\u00fcll 13. koht, aga n\u00e4iteks hilisemale pronksiomanikule kaotas vaid tulemusega 4:5.\u00a0<\/span><\/p>\n<p class=\"p1\"><span class=\"s1\">Aleksei \u0160t\u0161eglovile oleks vaja t\u00e4isvarustust, alustades korralikust vehklemise ratastoolist kuni v\u00f5istluskost\u00fc\u00fcmi ja relvani. Vehklemisratastooli hinnad algavad 2000 eurost.<\/span><\/p>\n<hr \/>\n<p><small><strong>Tahtej\u00f5u Tuuri<\/strong> s\u00fcnniloo leiad <a title=\"Priit Salum\u00e4e blogi\" href=\"http:\/\/priitsalumae.blogspot.com\/2014\/09\/tahtejou-tuur-aitame-koos-uhel-karmil.html\" target=\"_blank\">Priit Salum\u00e4e blogist<\/a><\/small><\/p>","protected":false},"excerpt":{"rendered":"<p class=\"excerpt\">Tahtej\u00f5u tuur 30.10 &#8211; 01.11.2015\u00a0(R-P) ring \u00fcmber Mandri-Eesti 785km (245km + 305km + 235km) s\u00f5iduvahend: maanteeratas keskmine kiirus 30km\/h kogu tuuri rattagas\u00f5iduga seotud abi: saatemasinad, varuratas, varukummid, mehaaniku teenus, teepealne s\u00f6\u00f6k-jook organiseeritud (toetajatelt) tuuril osalejatele \u00fchine majutus broneeritud Osalustasu on 80\u20ac &#8211; 100% sihtotstarbeline annetus Narva ratastoolivehklejate Aleksei \u0160t\u0161eglovi ja teiste MT\u00dc Florett klubiliikmete vehklemisvarustuse ostufondi. Kelle jaoks on k\u00fclmas&hellip; <a href=\"https:\/\/tahtejoud.ee\/tahtejoutuur-2015\/mis-vark\/\">Read more &rarr;<\/a><\/p>\n","protected":false},"author":1,"featured_media":0,"parent":0,"menu_order":0,"comment_status":"closed","ping_status":"closed","template":"","meta":{"footnotes":""},"class_list":["post-17","page","type-page","status-publish","hentry","xfolkentry"],"_links":{"self":[{"href":"https:\/\/tahtejoud.ee\/tahtejoutuur-2015\/wp-json\/wp\/v2\/pages\/17","targetHints":{"allow":["GET"]}}],"collection":[{"href":"https:\/\/tahtejoud.ee\/tahtejoutuur-2015\/wp-json\/wp\/v2\/pages"}],"about":[{"href":"https:\/\/tahtejoud.ee\/tahtejoutuur-2015\/wp-json\/wp\/v2\/types\/page"}],"author":[{"embeddable":true,"href":"https:\/\/tahtejoud.ee\/tahtejoutuur-2015\/wp-json\/wp\/v2\/users\/1"}],"replies":[{"embeddable":true,"href":"https:\/\/tahtejoud.ee\/tahtejoutuur-2015\/wp-json\/wp\/v2\/comments?post=17"}],"version-history":[{"count":0,"href":"https:\/\/tahtejoud.ee\/tahtejoutuur-2015\/wp-json\/wp\/v2\/pages\/17\/revisions"}],"wp:attachment":[{"href":"https:\/\/tahtejoud.ee\/tahtejoutuur-2015\/wp-json\/wp\/v2\/media?parent=17"}],"curies":[{"name":"wp","href":"https:\/\/api.w.org\/{rel}","templated":true}]}}