{"id":109,"date":"2017-09-11T16:34:57","date_gmt":"2017-09-11T13:34:57","guid":{"rendered":"http:\/\/2017.tahtejoutuur.ee\/?page_id=109"},"modified":"2017-09-12T17:26:51","modified_gmt":"2017-09-12T14:26:51","slug":"annetamise-tingimused","status":"publish","type":"page","link":"https:\/\/tahtejoud.ee\/tahtejoutuur-2017\/annetamise-tingimused\/","title":{"rendered":"Annetamise tingimused"},"content":{"rendered":"<h2>\u00dcldtingimused<\/h2>\n<p>MT\u00dc Tahtej\u00f5ud kontole tehtud annetused l\u00e4hevad heategevusprojekti h\u00fcvanguks.<\/p>\n<p>Annetuse saate teha kodulehe kaudu meie lepingupartneri Maksekeskus.ee vahendusel. Annetuse valuutaks on euro. Tehtud annetus ei kuulu tagastamisele.<\/p>\n<p>J\u00e4rgmine annetuste kogumisel <a href=\"http:\/\/heakodanik.ee\/annetuste-kogumise-hea-tava\/\" target=\"_blank\" rel=\"noopener\">hea tava p\u00f5him\u00f5tteid<\/a>.<\/p>\n<h2>Privaatsus<\/h2>\n<p>Annetuse tegemine pangalingi kaudu toimib nagu tavap\u00e4rase makse sooritamine. K\u00f5ik annetused tehakse l\u00e4bi internetipanga ja Maksekeskuse ning pankadega suhtlemine toimub vastavalt lepingupartnerite kokkuleppele. Annetuskeskkonna kasutajate andmeid kaitstakse turvalisus- ja konfidentsiaalsusreeglitega ja neid ei avalda kolmandatele osapooltele.<\/p>\n<p>Annetajatelt k\u00fcsitakse nime ja e-postiaadressi, mille sisestamine on vabatahtlik. MT\u00dc Tahtej\u00f5ud v\u00f5ib kasutada sisestatud e-postiaadressi annetaja informeerimiseks annetuste eest tehtud t\u00f6\u00f6st. Soovi korral on v\u00f5imalik loobuda e-kirjade saamisest.<\/p>\n<p>Kasutajal on \u00f5igus n\u00f5uda oma isikuandmete t\u00f6\u00f6tlemise l\u00f5petamist ja\/v\u00f5i kogutud andmete kustutamist, kui vastav \u00f5igus tuleneb isikuandmete kaitse seadusest v\u00f5i muust \u00f5igusaktist.<\/p>\n","protected":false},"excerpt":{"rendered":"<p class=\"excerpt\">\u00dcldtingimused MT\u00dc Tahtej\u00f5ud kontole tehtud annetused l\u00e4hevad heategevusprojekti h\u00fcvanguks. Annetuse saate teha kodulehe kaudu meie lepingupartneri Maksekeskus.ee vahendusel. Annetuse valuutaks on euro. Tehtud annetus ei kuulu tagastamisele. J\u00e4rgmine annetuste kogumisel hea tava p\u00f5him\u00f5tteid. Privaatsus Annetuse tegemine pangalingi kaudu toimib nagu tavap\u00e4rase makse sooritamine. K\u00f5ik annetused tehakse l\u00e4bi internetipanga ja Maksekeskuse ning pankadega suhtlemine toimub vastavalt lepingupartnerite kokkuleppele. Annetuskeskkonna kasutajate andmeid&hellip; <a href=\"https:\/\/tahtejoud.ee\/tahtejoutuur-2017\/annetamise-tingimused\/\">Read more &rarr;<\/a><\/p>\n","protected":false},"author":1,"featured_media":0,"parent":0,"menu_order":0,"comment_status":"closed","ping_status":"closed","template":"","meta":{"footnotes":""},"class_list":["post-109","page","type-page","status-publish","hentry","xfolkentry"],"_links":{"self":[{"href":"https:\/\/tahtejoud.ee\/tahtejoutuur-2017\/wp-json\/wp\/v2\/pages\/109","targetHints":{"allow":["GET"]}}],"collection":[{"href":"https:\/\/tahtejoud.ee\/tahtejoutuur-2017\/wp-json\/wp\/v2\/pages"}],"about":[{"href":"https:\/\/tahtejoud.ee\/tahtejoutuur-2017\/wp-json\/wp\/v2\/types\/page"}],"author":[{"embeddable":true,"href":"https:\/\/tahtejoud.ee\/tahtejoutuur-2017\/wp-json\/wp\/v2\/users\/1"}],"replies":[{"embeddable":true,"href":"https:\/\/tahtejoud.ee\/tahtejoutuur-2017\/wp-json\/wp\/v2\/comments?post=109"}],"version-history":[{"count":5,"href":"https:\/\/tahtejoud.ee\/tahtejoutuur-2017\/wp-json\/wp\/v2\/pages\/109\/revisions"}],"predecessor-version":[{"id":122,"href":"https:\/\/tahtejoud.ee\/tahtejoutuur-2017\/wp-json\/wp\/v2\/pages\/109\/revisions\/122"}],"wp:attachment":[{"href":"https:\/\/tahtejoud.ee\/tahtejoutuur-2017\/wp-json\/wp\/v2\/media?parent=109"}],"curies":[{"name":"wp","href":"https:\/\/api.w.org\/{rel}","templated":true}]}}