{"id":26,"date":"2017-09-04T19:02:12","date_gmt":"2017-09-04T16:02:12","guid":{"rendered":"http:\/\/2017.tahtejoutuur.ee\/?page_id=26"},"modified":"2017-09-25T09:53:30","modified_gmt":"2017-09-25T06:53:30","slug":"registreerun-tuurile","status":"publish","type":"page","link":"https:\/\/tahtejoud.ee\/tahtejoutuur-2017\/tule-appi\/registreerun-tuurile\/","title":{"rendered":"Registreerun tuurile"},"content":{"rendered":"<p>Tuurile s\u00f5itjate registreerimine on selleks korraks l\u00e4bi :(<\/p>\n<p>Janno unistuse t\u00e4itumisele saate ikka kaasa l\u00fc\u00fca. Iga \u20ac abiks ;)<\/p>\n","protected":false},"excerpt":{"rendered":"<p class=\"excerpt\">Tuurile s\u00f5itjate registreerimine on selleks korraks l\u00e4bi :( Janno unistuse t\u00e4itumisele saate ikka kaasa l\u00fc\u00fca. Iga \u20ac abiks ;) <a href=\"https:\/\/tahtejoud.ee\/tahtejoutuur-2017\/tule-appi\/registreerun-tuurile\/\">Read more &rarr;<\/a><\/p>\n","protected":false},"author":1,"featured_media":0,"parent":59,"menu_order":0,"comment_status":"closed","ping_status":"closed","template":"","meta":{"footnotes":""},"class_list":["post-26","page","type-page","status-publish","hentry","xfolkentry"],"_links":{"self":[{"href":"https:\/\/tahtejoud.ee\/tahtejoutuur-2017\/wp-json\/wp\/v2\/pages\/26","targetHints":{"allow":["GET"]}}],"collection":[{"href":"https:\/\/tahtejoud.ee\/tahtejoutuur-2017\/wp-json\/wp\/v2\/pages"}],"about":[{"href":"https:\/\/tahtejoud.ee\/tahtejoutuur-2017\/wp-json\/wp\/v2\/types\/page"}],"author":[{"embeddable":true,"href":"https:\/\/tahtejoud.ee\/tahtejoutuur-2017\/wp-json\/wp\/v2\/users\/1"}],"replies":[{"embeddable":true,"href":"https:\/\/tahtejoud.ee\/tahtejoutuur-2017\/wp-json\/wp\/v2\/comments?post=26"}],"version-history":[{"count":8,"href":"https:\/\/tahtejoud.ee\/tahtejoutuur-2017\/wp-json\/wp\/v2\/pages\/26\/revisions"}],"predecessor-version":[{"id":138,"href":"https:\/\/tahtejoud.ee\/tahtejoutuur-2017\/wp-json\/wp\/v2\/pages\/26\/revisions\/138"}],"up":[{"embeddable":true,"href":"https:\/\/tahtejoud.ee\/tahtejoutuur-2017\/wp-json\/wp\/v2\/pages\/59"}],"wp:attachment":[{"href":"https:\/\/tahtejoud.ee\/tahtejoutuur-2017\/wp-json\/wp\/v2\/media?parent=26"}],"curies":[{"name":"wp","href":"https:\/\/api.w.org\/{rel}","templated":true}]}}