{"id":57,"date":"2017-09-06T01:16:59","date_gmt":"2017-09-05T22:16:59","guid":{"rendered":"http:\/\/2017.tahtejoutuur.ee\/?page_id=57"},"modified":"2017-09-06T01:27:35","modified_gmt":"2017-09-05T22:27:35","slug":"teised-kel-suda-oiges-kohas","status":"publish","type":"page","link":"https:\/\/tahtejoud.ee\/tahtejoutuur-2017\/kes\/teised-kel-suda-oiges-kohas\/","title":{"rendered":"Teised, kel s\u00fcda \u00f5iges kohas"},"content":{"rendered":"<p>Tahtej\u00f5u Tuuri toetajad, kes \u00fchel v\u00f5i teisel viisil on aidanud<\/p>\n<link type=\"text\/css\" rel=\"stylesheet\" href=\"https:\/\/tahtejoud.ee\/tahtejoutuur-2017\/wp-content\/plugins\/eventr-updated\/attendee.css\" \/>\n<h3>Arbo Aasoja<sup><\/sup><br\/>Tarmo P\u00e4rjala<sup><\/sup><br\/>Raigo Kaseorg<sup><\/sup><br\/>Roll Agentuur<sup><\/sup><br\/>G4S<sup><\/sup><br\/>Toyota Baltic<sup><\/sup><br\/>Heino Randoja<sup><\/sup><br\/>Rauno Klausen<sup><\/sup><br\/>Raido Niitav<sup><\/sup><br\/>Siim Urm<sup><\/sup><br\/>Taavi Rehepapp<sup><\/sup><br\/>Mamma<sup><\/sup><br\/>rauno<sup><\/sup><br\/>Rainer Punga<sup><\/sup><br\/>Mihkel J\u00fcri<sup><\/sup><br\/>Tiina Rekand<sup><\/sup><br\/>Viljar<sup><\/sup><br\/>Rain Saar<sup><\/sup><br\/>Kalaruudus<sup><\/sup><br\/>Kassari Puhkekeskus<sup><\/sup><br\/>Karol Kovanen<sup><\/sup><br\/>Europark<sup><\/sup><br\/>Kristjan Ustav<sup><\/sup><br\/>Helena Kase<sup><\/sup><br\/>Triinu<sup><\/sup><br\/>Reet Kinks<sup><\/sup><br\/>Kaivo Keerdo<sup><\/sup><br\/>Eesti Jalgratturite Liit<sup><\/sup><br\/>Urve<sup><\/sup><br\/>Maarja Aas<sup><\/sup><br\/>Hawaii Express<sup><\/sup><br\/>Kadri J\u00fcrjan<sup><\/sup><br\/>Krista Aidak<sup><\/sup><br\/>Viktoria J\u00fcrjan<sup><\/sup><br\/>Uk<sup><\/sup><br\/>Kristiina<sup><\/sup><br\/>Sigmar Muuga<sup><\/sup><br\/>Merili Aasma<sup><\/sup><br\/>ene ehrenpreis<sup><\/sup><br\/>Raimond M\u00e4ll<sup><\/sup><br\/>Koidu <sup><\/sup><br\/>Priit Averkin<sup><\/sup><br\/>Katrin P\u00f5ldra <sup><\/sup><br\/>L\u00e4ti K\u00fcla Kunsti \u00dching<sup><\/sup><br\/>Urve P\u00e4rnamaa<sup><\/sup><br\/>Tiit Paljak<sup><\/sup><br\/>Lydia Feodora Jakson<sup><\/sup><br\/>Jaanika Toome<sup><\/sup><br\/>Anneli<sup><\/sup><br\/>Gerda Sooman<sup><\/sup><br\/>angela schneebeli<sup><\/sup><br\/>Kristo Pajuste<sup><\/sup><br\/>k\u00fclli<sup><\/sup><br\/>Gert Killing<sup><\/sup><br\/>Teele Mikk<sup><\/sup><br\/>Pille M\u00e4erand<sup><\/sup><br\/>Aune<sup><\/sup><br\/>Silver Jahimees<sup><\/sup><br\/>Maris Paat<sup><\/sup><br\/>Kerli Dello<sup><\/sup><br\/>Krista Valli<sup><\/sup><br\/>\u00dclar L\u00f5hmus<sup><\/sup><br\/>Ivo Sild \/ Bautman<sup><\/sup><br\/>Olle Zvirik<sup><\/sup><br\/>Edasi Janno! Elan Sulle s\u00fcdamest kaasa!<sup><\/sup><br\/>Tanel Tiimus<sup><\/sup><br\/>Vidrik<sup><\/sup><br\/>Steven Linkov<sup><\/sup><br\/>T\u00f5nu Vaasna<sup><\/sup><br\/>Aivar Erik<sup><\/sup><br\/>Deniss Tulin<sup><\/sup><br\/>Kaido Jakobson<sup><\/sup><br\/>Kristjan<sup><\/sup><br\/>Aarne Vesi<sup><\/sup><br\/>Margus Noorm\u00e4gi<sup><\/sup><br\/>Teet J\u00e4rvsalu<sup><\/sup><br\/>Ly Sarapuu<sup><\/sup><br\/>Antti Viljaste<sup><\/sup><br\/>Villu Ruusmann<sup><\/sup><br\/>Allan Tenno<sup><\/sup><br\/>Joona Saluveer<sup><\/sup><br\/>Bambona<sup><\/sup><br\/>Martin Prommik<sup><\/sup><br\/>Anni Madisson<sup><\/sup><br\/>Juss Apivala<sup><\/sup><br\/>Anre N\u00f5mme<sup><\/sup><br\/>Margus Nerman<sup><\/sup><br\/>Priit P<sup><\/sup><br\/>Kalmer Antsov<sup><\/sup><br\/>Urmo<sup><\/sup><br\/>Risto H\u00e4rmatis<sup><\/sup><br\/>Kadi Nisu<sup><\/sup><br\/>Kaido K\u00e4ndmaa<sup><\/sup><br\/>Alari Orav<sup><\/sup><br\/>Kristjan Laanemaa<sup><\/sup><br\/>A. Le Coq<sup><\/sup><br\/>Rando M\u00f5rd<sup><\/sup><br\/>Janika Kaur<sup><\/sup><br\/>Kait Liinev<sup><\/sup><br\/>Raini<sup><\/sup><br\/>Georg<sup><\/sup><br\/>Uwer Usai<sup><\/sup><br\/>Helari<sup><\/sup><br\/><\/h3><small>\nKokku: 103<\/small>\n\n","protected":false},"excerpt":{"rendered":"<p class=\"excerpt\">Tahtej\u00f5u Tuuri toetajad, kes \u00fchel v\u00f5i teisel viisil on aidanud <a href=\"https:\/\/tahtejoud.ee\/tahtejoutuur-2017\/kes\/teised-kel-suda-oiges-kohas\/\">Read more &rarr;<\/a><\/p>\n","protected":false},"author":1,"featured_media":0,"parent":53,"menu_order":0,"comment_status":"closed","ping_status":"closed","template":"","meta":{"footnotes":""},"class_list":["post-57","page","type-page","status-publish","hentry","xfolkentry"],"_links":{"self":[{"href":"https:\/\/tahtejoud.ee\/tahtejoutuur-2017\/wp-json\/wp\/v2\/pages\/57","targetHints":{"allow":["GET"]}}],"collection":[{"href":"https:\/\/tahtejoud.ee\/tahtejoutuur-2017\/wp-json\/wp\/v2\/pages"}],"about":[{"href":"https:\/\/tahtejoud.ee\/tahtejoutuur-2017\/wp-json\/wp\/v2\/types\/page"}],"author":[{"embeddable":true,"href":"https:\/\/tahtejoud.ee\/tahtejoutuur-2017\/wp-json\/wp\/v2\/users\/1"}],"replies":[{"embeddable":true,"href":"https:\/\/tahtejoud.ee\/tahtejoutuur-2017\/wp-json\/wp\/v2\/comments?post=57"}],"version-history":[{"count":2,"href":"https:\/\/tahtejoud.ee\/tahtejoutuur-2017\/wp-json\/wp\/v2\/pages\/57\/revisions"}],"predecessor-version":[{"id":74,"href":"https:\/\/tahtejoud.ee\/tahtejoutuur-2017\/wp-json\/wp\/v2\/pages\/57\/revisions\/74"}],"up":[{"embeddable":true,"href":"https:\/\/tahtejoud.ee\/tahtejoutuur-2017\/wp-json\/wp\/v2\/pages\/53"}],"wp:attachment":[{"href":"https:\/\/tahtejoud.ee\/tahtejoutuur-2017\/wp-json\/wp\/v2\/media?parent=57"}],"curies":[{"name":"wp","href":"https:\/\/api.w.org\/{rel}","templated":true}]}}