{"id":9,"date":"2017-09-04T18:46:50","date_gmt":"2017-09-04T15:46:50","guid":{"rendered":"http:\/\/2017.tahtejoutuur.ee\/?page_id=9"},"modified":"2017-09-11T13:37:34","modified_gmt":"2017-09-11T10:37:34","slug":"mis-vark","status":"publish","type":"page","link":"https:\/\/tahtejoud.ee\/tahtejoutuur-2017\/mis-vark\/","title":{"rendered":"MIS V\u00c4RK?"},"content":{"rendered":"<p><strong>Tahtej\u00f5u tuur 29.09 &#8211; 01.10.2017<\/strong>\u00a0(R-P)<\/p>\n<ul>\n<li><strong>691km<\/strong>\u00a0(227km + 232km + 232km)<\/li>\n<li>s\u00f5iduvahend: maanteeratas<\/li>\n<li>keskmine kiirus 30+km\/h<\/li>\n<li>kogu tuuri k\u00e4igus on organiseeritud rattagas\u00f5iduga seotud abi: saatemasinad, varuratas, varukummid, mehaaniku teenus, teepealne s\u00f6\u00f6k-jook<\/li>\n<li>tuuril osalejatele on broneeritud \u00fchine majutus ja praamis\u00f5it<\/li>\n<\/ul>\n<p>2014. aastal toetasime edukalt Rauno Klauseni k\u00e4siratta ostu, 2015. aastal kogusime raha Narva ratastoolivehklejate Aleksei \u0160t\u0161eglovi ja teiste Florett klubiliikmete vehklemisvarustuse soetamiseks. Eelmise aasta aktsioon oli suunatud\u00a0Haapsalu Viigi Kooli tugi- ja liikumisaparaadi\u00a0talitlush\u00e4iretega \u00f5pilaste abistamiseks.<\/p>\n<p>Seekordne osalustasu on\u00a0<strong>100% sihtotstarbeline annetus<\/strong>\u00a0Invictus m\u00e4ngudele p\u00fcrgiva\u00a0<b>Janno Lepiku<strong>\u00a0k\u00e4siratta ostufondi<\/strong><\/b><\/p>\n<p><strong>Janno Lepik<\/strong>\u00a0on kaitsev\u00e4elane, Kotkaristi teenetem\u00e4rgiga autasustatud kangelane, kes teenis NATO missioonil Afganistanis. 2012. aasta jaanuaris astus Janno isevalmistatud l\u00f5hkekehale, mis viis temalt k\u00fcll m\u00f5lemad jalad, aga mitte tema <strong>tahtej\u00f5udu<\/strong><strong>.<\/strong><\/p>\n<p><img loading=\"lazy\" decoding=\"async\" class=\"alignnone size-large wp-image-12\" src=\"http:\/\/tahtejoud.ee\/tahtejoutuur-2017\/wp-content\/uploads\/sites\/6\/2017\/09\/janno_lepik-683x1024.jpg\" alt=\"\" width=\"525\" height=\"787\" srcset=\"https:\/\/tahtejoud.ee\/tahtejoutuur-2017\/wp-content\/uploads\/sites\/6\/2017\/09\/janno_lepik-683x1024.jpg 683w, https:\/\/tahtejoud.ee\/tahtejoutuur-2017\/wp-content\/uploads\/sites\/6\/2017\/09\/janno_lepik-200x300.jpg 200w, https:\/\/tahtejoud.ee\/tahtejoutuur-2017\/wp-content\/uploads\/sites\/6\/2017\/09\/janno_lepik-768x1152.jpg 768w, https:\/\/tahtejoud.ee\/tahtejoutuur-2017\/wp-content\/uploads\/sites\/6\/2017\/09\/janno_lepik.jpg 1297w\" sizes=\"auto, (max-width: 525px) 100vw, 525px\" \/><\/p>\n<p>Janno on tegelenud eluaeg spordiga \u2013 ta on tulnud\u00a0<strong>Kreeka-Rooma maadluses viiel korral erinevates vanuseklassides Eesti meistriks<\/strong>\u00a0ning on korduvalt esindanud Eestit tiitliv\u00f5istlustel. Kahel korral on ta p\u00e4lvinud ka P\u00f5hjamaade meistriv\u00f5istlustel h\u00f5bemedali. Ka t\u00e4na treenib Janno hoolega ning sel s\u00fcgisel paneb ta end proovile Kanadas toimuvatel V\u00f5itmatute spordim\u00e4ngudel k\u00e4siratta s\u00f5idus. V\u00f5itmatute spordim\u00e4ngud ehk\u00a0<a href=\"http:\/\/www.invictusgames2017.com\/\">Invictus Games<\/a>\u00a0on Suurbritannia prints Harry poolt ellu kutsutud rahvusvaheline spordi\u00fcritus, kus vigastatud s\u00f5jav\u00e4elased v\u00f5tavad m\u00f5\u00f5tu eri spordialadel nagu ratastoolikorvpall, istev\u00f5rkpall, paras\u00f5udmine jne.<\/p>\n<p>Sel aastal osaleb Janno v\u00f5istlustel veel laenutatud rattaga, kuid\u00a0meie eesm\u00e4rk on <strong>kinkida Jannole korralik k\u00e4siratas<\/strong>, mis v\u00f5imaldaks tal valmistuda t\u00e4istuuridel j\u00e4rgmise aasta v\u00f5istlusteks ning unistada j\u00e4rgmisel aastal Austraalias toimuvatele V\u00f5itmatute spordim\u00e4ngudele s\u00f5ites juba pjedestaalikohast.<\/p>\n","protected":false},"excerpt":{"rendered":"<p class=\"excerpt\">Tahtej\u00f5u tuur 29.09 &#8211; 01.10.2017\u00a0(R-P) 691km\u00a0(227km + 232km + 232km) s\u00f5iduvahend: maanteeratas keskmine kiirus 30+km\/h kogu tuuri k\u00e4igus on organiseeritud rattagas\u00f5iduga seotud abi: saatemasinad, varuratas, varukummid, mehaaniku teenus, teepealne s\u00f6\u00f6k-jook tuuril osalejatele on broneeritud \u00fchine majutus ja praamis\u00f5it 2014. aastal toetasime edukalt Rauno Klauseni k\u00e4siratta ostu, 2015. aastal kogusime raha Narva ratastoolivehklejate Aleksei \u0160t\u0161eglovi ja teiste Florett klubiliikmete vehklemisvarustuse soetamiseks.&hellip; <a href=\"https:\/\/tahtejoud.ee\/tahtejoutuur-2017\/mis-vark\/\">Read more &rarr;<\/a><\/p>\n","protected":false},"author":1,"featured_media":0,"parent":0,"menu_order":0,"comment_status":"closed","ping_status":"closed","template":"","meta":{"footnotes":""},"class_list":["post-9","page","type-page","status-publish","hentry","xfolkentry"],"_links":{"self":[{"href":"https:\/\/tahtejoud.ee\/tahtejoutuur-2017\/wp-json\/wp\/v2\/pages\/9","targetHints":{"allow":["GET"]}}],"collection":[{"href":"https:\/\/tahtejoud.ee\/tahtejoutuur-2017\/wp-json\/wp\/v2\/pages"}],"about":[{"href":"https:\/\/tahtejoud.ee\/tahtejoutuur-2017\/wp-json\/wp\/v2\/types\/page"}],"author":[{"embeddable":true,"href":"https:\/\/tahtejoud.ee\/tahtejoutuur-2017\/wp-json\/wp\/v2\/users\/1"}],"replies":[{"embeddable":true,"href":"https:\/\/tahtejoud.ee\/tahtejoutuur-2017\/wp-json\/wp\/v2\/comments?post=9"}],"version-history":[{"count":11,"href":"https:\/\/tahtejoud.ee\/tahtejoutuur-2017\/wp-json\/wp\/v2\/pages\/9\/revisions"}],"predecessor-version":[{"id":102,"href":"https:\/\/tahtejoud.ee\/tahtejoutuur-2017\/wp-json\/wp\/v2\/pages\/9\/revisions\/102"}],"wp:attachment":[{"href":"https:\/\/tahtejoud.ee\/tahtejoutuur-2017\/wp-json\/wp\/v2\/media?parent=9"}],"curies":[{"name":"wp","href":"https:\/\/api.w.org\/{rel}","templated":true}]}}