{"id":53,"date":"2017-09-06T01:16:09","date_gmt":"2017-09-05T22:16:09","guid":{"rendered":"http:\/\/2018x.tahtejoutuur.ee\/?page_id=53"},"modified":"2017-09-06T01:16:09","modified_gmt":"2017-09-05T22:16:09","slug":"kes","status":"publish","type":"page","link":"https:\/\/tahtejoud.ee\/tahtejoutuur-2018\/kes\/","title":{"rendered":"KES?"},"content":{"rendered":"<ul>\n<li><a href=\"\/kes\/tahtejoulased\">TAHTEJ\u00d5ULASED<\/a><\/li>\n<li><a href=\"\/kes\/teised-kel-suda-oiges-kohas\/\">TEISED, KEL S\u00dcDA \u00d5IGES KOHAS<\/a><\/li>\n<\/ul>\n","protected":false},"excerpt":{"rendered":"<p class=\"excerpt\">TAHTEJ\u00d5ULASED TEISED, KEL S\u00dcDA \u00d5IGES KOHAS <a href=\"https:\/\/tahtejoud.ee\/tahtejoutuur-2018\/kes\/\">Read more &rarr;<\/a><\/p>\n","protected":false},"author":1,"featured_media":0,"parent":0,"menu_order":0,"comment_status":"closed","ping_status":"closed","template":"","meta":{"footnotes":""},"class_list":["post-53","page","type-page","status-publish","hentry","xfolkentry"],"_links":{"self":[{"href":"https:\/\/tahtejoud.ee\/tahtejoutuur-2018\/wp-json\/wp\/v2\/pages\/53","targetHints":{"allow":["GET"]}}],"collection":[{"href":"https:\/\/tahtejoud.ee\/tahtejoutuur-2018\/wp-json\/wp\/v2\/pages"}],"about":[{"href":"https:\/\/tahtejoud.ee\/tahtejoutuur-2018\/wp-json\/wp\/v2\/types\/page"}],"author":[{"embeddable":true,"href":"https:\/\/tahtejoud.ee\/tahtejoutuur-2018\/wp-json\/wp\/v2\/users\/1"}],"replies":[{"embeddable":true,"href":"https:\/\/tahtejoud.ee\/tahtejoutuur-2018\/wp-json\/wp\/v2\/comments?post=53"}],"version-history":[{"count":1,"href":"https:\/\/tahtejoud.ee\/tahtejoutuur-2018\/wp-json\/wp\/v2\/pages\/53\/revisions"}],"predecessor-version":[{"id":54,"href":"https:\/\/tahtejoud.ee\/tahtejoutuur-2018\/wp-json\/wp\/v2\/pages\/53\/revisions\/54"}],"wp:attachment":[{"href":"https:\/\/tahtejoud.ee\/tahtejoutuur-2018\/wp-json\/wp\/v2\/media?parent=53"}],"curies":[{"name":"wp","href":"https:\/\/api.w.org\/{rel}","templated":true}]}}