{"id":57,"date":"2017-09-06T01:16:59","date_gmt":"2017-09-05T22:16:59","guid":{"rendered":"http:\/\/2018x.tahtejoutuur.ee\/?page_id=57"},"modified":"2017-09-06T01:27:35","modified_gmt":"2017-09-05T22:27:35","slug":"teised-kel-suda-oiges-kohas","status":"publish","type":"page","link":"https:\/\/tahtejoud.ee\/tahtejoutuur-2018\/kes\/teised-kel-suda-oiges-kohas\/","title":{"rendered":"Teised, kel s\u00fcda \u00f5iges kohas"},"content":{"rendered":"<p>Tahtej\u00f5u Tuuri toetajad, kes \u00fchel v\u00f5i teisel viisil on aidanud<\/p>\n<link type=\"text\/css\" rel=\"stylesheet\" href=\"https:\/\/tahtejoud.ee\/tahtejoutuur-2018\/wp-content\/plugins\/eventr-updated\/attendee.css\" \/>\n<h3>Raigo Kaseorg<sup><\/sup><br\/>Toyota Baltic<sup><\/sup><br\/>Taavi Rehepapp<sup><\/sup><br\/>Mamma<sup><\/sup><br\/>Arbo Aasoja<sup><\/sup><br\/>Tarmo P\u00e4rjala<sup><\/sup><br\/>G4S<sup><\/sup><br\/>Telia<sup><\/sup><br\/>Elisa<sup><\/sup><br\/>Tele2<sup><\/sup><br\/>Christi Sepp<sup><\/sup><br\/>Mihkel Truup<sup><\/sup><br\/>Karel Tammj\u00e4rv<sup><\/sup><br\/>Janno Lepik<sup><\/sup><br\/>A.Le Coq<sup><\/sup><br\/>Rando M\u00f5rd<sup><\/sup><br\/>Janika Kaur<sup><\/sup><br\/>Jungent<sup><\/sup><br\/>Kait Liinev<sup><\/sup><br\/>Janek Saareoks<sup><\/sup><br\/>Risto<sup><\/sup><br\/>Meeli<sup><\/sup><br\/>Rain Saar<sup><\/sup><br\/>Kalaruudus<sup><\/sup><br\/>Tanel Padar<sup><\/sup><br\/>ZAP<sup><\/sup><br\/><\/h3><small>\nKokku: 26<\/small>\n\n","protected":false},"excerpt":{"rendered":"<p class=\"excerpt\">Tahtej\u00f5u Tuuri toetajad, kes \u00fchel v\u00f5i teisel viisil on aidanud <a href=\"https:\/\/tahtejoud.ee\/tahtejoutuur-2018\/kes\/teised-kel-suda-oiges-kohas\/\">Read more &rarr;<\/a><\/p>\n","protected":false},"author":1,"featured_media":0,"parent":53,"menu_order":0,"comment_status":"closed","ping_status":"closed","template":"","meta":{"footnotes":""},"class_list":["post-57","page","type-page","status-publish","hentry","xfolkentry"],"_links":{"self":[{"href":"https:\/\/tahtejoud.ee\/tahtejoutuur-2018\/wp-json\/wp\/v2\/pages\/57","targetHints":{"allow":["GET"]}}],"collection":[{"href":"https:\/\/tahtejoud.ee\/tahtejoutuur-2018\/wp-json\/wp\/v2\/pages"}],"about":[{"href":"https:\/\/tahtejoud.ee\/tahtejoutuur-2018\/wp-json\/wp\/v2\/types\/page"}],"author":[{"embeddable":true,"href":"https:\/\/tahtejoud.ee\/tahtejoutuur-2018\/wp-json\/wp\/v2\/users\/1"}],"replies":[{"embeddable":true,"href":"https:\/\/tahtejoud.ee\/tahtejoutuur-2018\/wp-json\/wp\/v2\/comments?post=57"}],"version-history":[{"count":2,"href":"https:\/\/tahtejoud.ee\/tahtejoutuur-2018\/wp-json\/wp\/v2\/pages\/57\/revisions"}],"predecessor-version":[{"id":74,"href":"https:\/\/tahtejoud.ee\/tahtejoutuur-2018\/wp-json\/wp\/v2\/pages\/57\/revisions\/74"}],"up":[{"embeddable":true,"href":"https:\/\/tahtejoud.ee\/tahtejoutuur-2018\/wp-json\/wp\/v2\/pages\/53"}],"wp:attachment":[{"href":"https:\/\/tahtejoud.ee\/tahtejoutuur-2018\/wp-json\/wp\/v2\/media?parent=57"}],"curies":[{"name":"wp","href":"https:\/\/api.w.org\/{rel}","templated":true}]}}