{"id":9,"date":"2017-09-04T18:46:50","date_gmt":"2017-09-04T15:46:50","guid":{"rendered":"http:\/\/2018x.tahtejoutuur.ee\/?page_id=9"},"modified":"2018-07-30T10:46:04","modified_gmt":"2018-07-30T07:46:04","slug":"mis-vark","status":"publish","type":"page","link":"https:\/\/tahtejoud.ee\/tahtejoutuur-2018\/mis-vark\/","title":{"rendered":"MIS V\u00c4RK?"},"content":{"rendered":"<p><strong>Tahtej\u00f5u tuur<\/strong> alustab taas, et <strong>kinkida erilistele inimestele v\u00f5imalus nautida rattar\u00f5\u00f5me ja elada t\u00e4isv\u00e4\u00e4rtuslikku elu<\/strong>.<\/p>\n<p><strong>2014. aastal<\/strong> toetasime edukalt Rauno Klauseni k\u00e4siratta ostu, <strong>2015. aastal<\/strong> kogusime raha Narva ratastoolivehklejate Aleksei \u0160t\u0161eglovi ja teiste Florett klubiliikmete vehklemisvarustuse soetamiseks. <strong>2016. aasta<\/strong> aktsioon oli suunatud\u00a0Haapsalu Viigi Kooli tugi- ja liikumisaparaadi\u00a0talitlush\u00e4iretega \u00f5pilaste abistamiseks ning m\u00f6\u00f6dunud, <strong>2017. aasta<\/strong> annetus aitas osta k\u00e4siratta Invictus m\u00e4ngude mitmekordsele kuldmedalistile Janno Lepikule.<\/p>\n<p>Juba viiendat aastat toimuv Tahtej\u00f5u tuur ulatab abik\u00e4e neile, kes vajavad erilist ratast kui abivahendit, millega igap\u00e4evaseid tegemisi v\u00e4hema vaevaga toimetada ja mis v\u00f5imaldab neil vaatamata puudele omal k\u00e4el v\u00f5i pere ja s\u00f5prade seltsis aktiivselt liikuda ning v\u00e4rskes \u00f5hus rattas\u00f5itu nautida.<\/p>\n<p>Tahtej\u00f5u tuur 2018 <strong>osalustasu on sihtotstarbeline annetus<\/strong> erivajadustega inimeste hoolekandeasutustele ja puuetega inimeste keskustele <strong>kolmerattaliste erirataste<\/strong> ostmiseks.<\/p>\n<p><img loading=\"lazy\" decoding=\"async\" class=\"alignnone wp-image-429 size-full\" src=\"http:\/\/tahtejoud.ee\/tahtejoutuur-2018\/wp-content\/uploads\/sites\/11\/2018\/07\/kolmerattaline.jpg\" alt=\"\" width=\"900\" height=\"774\" \/><\/p>\n<p>Annetuse abil ostetud jalgrattad l\u00e4hevad neljale aktiivsele erivajadustega inimeste hoolekandeasutusele. Rattaid hakkavad kasutama Eesti Agrenska Fondi Tartumaal asuva <strong>Tammistu Perekeskuse<\/strong> hoole all olevad puuetega lapsed ja noored, <strong>P\u00f5lvamaa Puuetega Inimeste Koja<\/strong> kliendid nii P\u00f5lvas kui ka Peril,\u00a0sotsiaalteenuste keskus MT\u00dc <strong>Iseseisev Elu Elva keskuse<\/strong> kliendid ja MT\u00dc <strong>Tugiliisu Tallinna Kakum\u00e4e keskuse<\/strong> kliendid.<\/p>\n<p>Iga Tahtej\u00f5u tuuril osalev rattur ja iga\u00fcks, kes teeb tuuri kontole rahalise annetuse, panustab sellesse, et erilised inimesed k\u00f5ikjal Eestis saaksid vaatamata piiratud liikumisv\u00f5imele olla f\u00fc\u00fcsiliselt ja sotsiaalselt aktiivsed.<\/p>\n","protected":false},"excerpt":{"rendered":"<p class=\"excerpt\">Tahtej\u00f5u tuur alustab taas, et kinkida erilistele inimestele v\u00f5imalus nautida rattar\u00f5\u00f5me ja elada t\u00e4isv\u00e4\u00e4rtuslikku elu. 2014. aastal toetasime edukalt Rauno Klauseni k\u00e4siratta ostu, 2015. aastal kogusime raha Narva ratastoolivehklejate Aleksei \u0160t\u0161eglovi ja teiste Florett klubiliikmete vehklemisvarustuse soetamiseks. 2016. aasta aktsioon oli suunatud\u00a0Haapsalu Viigi Kooli tugi- ja liikumisaparaadi\u00a0talitlush\u00e4iretega \u00f5pilaste abistamiseks ning m\u00f6\u00f6dunud, 2017. aasta annetus aitas osta k\u00e4siratta Invictus m\u00e4ngude mitmekordsele&hellip; <a href=\"https:\/\/tahtejoud.ee\/tahtejoutuur-2018\/mis-vark\/\">Read more &rarr;<\/a><\/p>\n","protected":false},"author":1,"featured_media":0,"parent":0,"menu_order":0,"comment_status":"closed","ping_status":"closed","template":"","meta":{"footnotes":""},"class_list":["post-9","page","type-page","status-publish","hentry","xfolkentry"],"_links":{"self":[{"href":"https:\/\/tahtejoud.ee\/tahtejoutuur-2018\/wp-json\/wp\/v2\/pages\/9","targetHints":{"allow":["GET"]}}],"collection":[{"href":"https:\/\/tahtejoud.ee\/tahtejoutuur-2018\/wp-json\/wp\/v2\/pages"}],"about":[{"href":"https:\/\/tahtejoud.ee\/tahtejoutuur-2018\/wp-json\/wp\/v2\/types\/page"}],"author":[{"embeddable":true,"href":"https:\/\/tahtejoud.ee\/tahtejoutuur-2018\/wp-json\/wp\/v2\/users\/1"}],"replies":[{"embeddable":true,"href":"https:\/\/tahtejoud.ee\/tahtejoutuur-2018\/wp-json\/wp\/v2\/comments?post=9"}],"version-history":[{"count":14,"href":"https:\/\/tahtejoud.ee\/tahtejoutuur-2018\/wp-json\/wp\/v2\/pages\/9\/revisions"}],"predecessor-version":[{"id":445,"href":"https:\/\/tahtejoud.ee\/tahtejoutuur-2018\/wp-json\/wp\/v2\/pages\/9\/revisions\/445"}],"wp:attachment":[{"href":"https:\/\/tahtejoud.ee\/tahtejoutuur-2018\/wp-json\/wp\/v2\/media?parent=9"}],"curies":[{"name":"wp","href":"https:\/\/api.w.org\/{rel}","templated":true}]}}