{"id":37,"date":"2024-07-23T16:17:19","date_gmt":"2024-07-23T13:17:19","guid":{"rendered":"https:\/\/tahtejoud.ee\/tahtejoutuur-2024\/?page_id=37"},"modified":"2024-08-06T14:32:21","modified_gmt":"2024-08-06T11:32:21","slug":"kus","status":"publish","type":"page","link":"https:\/\/tahtejoud.ee\/tahtejoutuur-2024\/kus\/","title":{"rendered":"KUS?"},"content":{"rendered":"<h1 class=\"entry-title\"><span style=\"font-size: 24px\">TAHTEJ\u00d5U GRAVELIPAUNAKE \u2013 206 km<\/span><\/h1>\n<div class=\"entry-content description clearfix\">\n<p><strong>ORU <\/strong>(M\u00e4nniaru puhkemaja) \u2192 Ingliste \u2192 Paluk\u00fcla \u2192 Lelle \u2192 K\u00e4ru \u2192 Piumetsa \u2192 <strong>V\u00e4\u00e4tsa<\/strong> \u2192 Saueaugu \u2192 Mustla-N\u00f5mme \u2192 Matsim\u00e4e \u2192 Paunk\u00fcla \u2192 Palvere \u2192 Kose Uuem\u00f5isa \u2192 Kolu \u2192 <strong>ORU <\/strong>(M\u00e4nniaru puhkemaja)<\/p>\n<p><strong>START kell 9:00<\/strong>\u00a0<a href=\"https:\/\/maps.app.goo.gl\/QeWikwtkZ37SYkx76\" target=\"_blank\" rel=\"noopener\">M\u00e4nniaru Puhkemaja<\/a>, Tuhala karstiala l\u00e4heduses, Oru k\u00fcla, Tartu maanteelt 4 km<br \/>\n<a href=\"https:\/\/maps.app.goo.gl\/QeWikwtkZ37SYkx76\" target=\"_blank\" rel=\"noopener\">asukoht Google maps<\/a><\/p>\n<ul>\n<li><strong>206 km<\/strong> (70 % kruusa- ja metsatee, 28 % asfalt, 2 % singel) Eestimaa s\u00fcdames<\/li>\n<li>S\u00f5iduvahend:\u00a0<strong>gravel<\/strong>\u00a0ehk kruusaratas v\u00f5i mtb<\/li>\n<li>Trass on liikluseks avatud ja m\u00e4rgistamata, k\u00f5ik osalejad saavad\u00a0<strong>.gpx faili\u00a0<\/strong>ja\u00a0<strong>Strava route\u2019i<\/strong><\/li>\n<li>Grupijuhiga s\u00f5itjatel keskmine kiirus 25+ km\/h<\/li>\n<li>Trassil on organiseeritud rattas\u00f5iduga seotud abi:\u00a0<strong>saatemasin<\/strong>, varukummid, mehaaniku teenus<\/li>\n<li>Distantsil on\u00a0<strong>3 joogi- ja energiapunkti<\/strong> 55. kilomeetril (<span class=\"x3jgonx\">suletakse 11:30)<\/span>, 106. km (<span class=\"x3jgonx\">suletakse 13:30)<\/span> ja 164. km (<span class=\"x3jgonx\">suletakse 16:00). Fini\u0161 avatud kuni 18:00\u00a0<\/span><\/li>\n<li>106. kilomeetril V\u00e4\u00e4tsa joogi- ja energiapunktis on v\u00f5imalik k\u00fclastada\u00a0<a href=\"https:\/\/www.velomuseum.ee\/et\" target=\"_blank\" rel=\"noopener\"><strong>Eesti<\/strong>\u00a0<strong>Jalgrattamuuseumi<\/strong><\/a>\u00a0(seitsmes saalis v\u00e4ljas \u00fcle 180 ajaloolise jalgratta)<\/li>\n<li><strong>Fini\u0161is<\/strong>\u00a0<strong><a href=\"https:\/\/maps.app.goo.gl\/QeWikwtkZ37SYkx76\" target=\"_blank\" rel=\"noopener\">M\u00e4nniaru Puhkemajas<\/a><\/strong>\u00a0<strong>supp<\/strong>,\u00a0<strong>taastavad joogid<\/strong>\u00a0ja\u00a0<strong>saun<br \/>\n<\/strong><\/li>\n<\/ul>\n<p><img loading=\"lazy\" decoding=\"async\" class=\"aligncenter wp-image-137 size-full\" src=\"https:\/\/tahtejoud.ee\/tahtejoutuur-2024\/wp-content\/uploads\/sites\/12\/2024\/07\/tt_map.jpg\" alt=\"\" width=\"1156\" height=\"1072\" srcset=\"https:\/\/tahtejoud.ee\/tahtejoutuur-2024\/wp-content\/uploads\/sites\/12\/2024\/07\/tt_map.jpg?v=1724415691 1156w, https:\/\/tahtejoud.ee\/tahtejoutuur-2024\/wp-content\/uploads\/sites\/12\/2024\/07\/tt_map-300x278.jpg?v=1724415691 300w, https:\/\/tahtejoud.ee\/tahtejoutuur-2024\/wp-content\/uploads\/sites\/12\/2024\/07\/tt_map-1024x950.jpg?v=1724415691 1024w, https:\/\/tahtejoud.ee\/tahtejoutuur-2024\/wp-content\/uploads\/sites\/12\/2024\/07\/tt_map-768x712.jpg?v=1724415691 768w\" sizes=\"auto, (max-width: 1156px) 100vw, 1156px\" \/><\/p>\n<p>&nbsp;<\/p>\n<p>Osalustasu <strong>65 \u20ac<\/strong> on sihtotstarbeline annetus heategevus\u00fcrituseks, mille l\u00f5ppeesm\u00e4rk <strong>Eliis Paasile spetsiaalse <\/strong>lisapidurite ja -elektroonilise k\u00e4iguvahetuse nuppudega<strong> graveliratta<\/strong> soetamine.<\/p>\n<p>&#8211; <a href=\"\/tahtejoutuur-2024\/tule-appi\/registreerun-tuurile\/\">REGISTREERI Tahtej\u00f5u Gravelipaunale<\/a> &#8211;<br \/>\nRegamine l\u00e4heb lukku 13.08. kell 23:59<\/p>\n<\/div>\n","protected":false},"excerpt":{"rendered":"<p class=\"excerpt\">TAHTEJ\u00d5U GRAVELIPAUNAKE \u2013 206 km ORU (M\u00e4nniaru puhkemaja) \u2192 Ingliste \u2192 Paluk\u00fcla \u2192 Lelle \u2192 K\u00e4ru \u2192 Piumetsa \u2192 V\u00e4\u00e4tsa \u2192 Saueaugu \u2192 Mustla-N\u00f5mme \u2192 Matsim\u00e4e \u2192 Paunk\u00fcla \u2192 Palvere \u2192 Kose Uuem\u00f5isa \u2192 Kolu \u2192 ORU (M\u00e4nniaru puhkemaja) START kell 9:00\u00a0M\u00e4nniaru Puhkemaja, Tuhala karstiala l\u00e4heduses, Oru k\u00fcla, Tartu maanteelt 4 km asukoht Google maps 206 km (70 % kruusa-&hellip; <a href=\"https:\/\/tahtejoud.ee\/tahtejoutuur-2024\/kus\/\">Read more &rarr;<\/a><\/p>\n","protected":false},"author":2,"featured_media":0,"parent":0,"menu_order":0,"comment_status":"closed","ping_status":"closed","template":"","meta":{"footnotes":""},"class_list":["post-37","page","type-page","status-publish","hentry","xfolkentry"],"_links":{"self":[{"href":"https:\/\/tahtejoud.ee\/tahtejoutuur-2024\/wp-json\/wp\/v2\/pages\/37","targetHints":{"allow":["GET"]}}],"collection":[{"href":"https:\/\/tahtejoud.ee\/tahtejoutuur-2024\/wp-json\/wp\/v2\/pages"}],"about":[{"href":"https:\/\/tahtejoud.ee\/tahtejoutuur-2024\/wp-json\/wp\/v2\/types\/page"}],"author":[{"embeddable":true,"href":"https:\/\/tahtejoud.ee\/tahtejoutuur-2024\/wp-json\/wp\/v2\/users\/2"}],"replies":[{"embeddable":true,"href":"https:\/\/tahtejoud.ee\/tahtejoutuur-2024\/wp-json\/wp\/v2\/comments?post=37"}],"version-history":[{"count":16,"href":"https:\/\/tahtejoud.ee\/tahtejoutuur-2024\/wp-json\/wp\/v2\/pages\/37\/revisions"}],"predecessor-version":[{"id":170,"href":"https:\/\/tahtejoud.ee\/tahtejoutuur-2024\/wp-json\/wp\/v2\/pages\/37\/revisions\/170"}],"wp:attachment":[{"href":"https:\/\/tahtejoud.ee\/tahtejoutuur-2024\/wp-json\/wp\/v2\/media?parent=37"}],"curies":[{"name":"wp","href":"https:\/\/api.w.org\/{rel}","templated":true}]}}